{"id":408,"date":"2021-09-15T20:13:24","date_gmt":"2021-09-15T20:13:24","guid":{"rendered":"https:\/\/dbtesting.com.ar\/?page_id=408"},"modified":"2023-07-19T14:15:09","modified_gmt":"2023-07-19T14:15:09","slug":"clientes","status":"publish","type":"page","link":"https:\/\/www.pereda.com.ar\/en\/clientes\/","title":{"rendered":"Clientes"},"content":{"rendered":"<div data-elementor-type=\"wp-page\" data-elementor-id=\"408\" class=\"elementor elementor-408\" data-elementor-settings=\"{&quot;ha_cmc_init_switcher&quot;:&quot;no&quot;}\" data-elementor-post-type=\"page\">\n\t\t\t\t\t\t<section class=\"elementor-section elementor-top-section elementor-element elementor-element-dcb90d9 elementor-section-boxed elementor-section-height-default elementor-section-height-default\" data-id=\"dcb90d9\" data-element_type=\"section\" data-e-type=\"section\" data-settings=\"{&quot;_ha_eqh_enable&quot;:false}\">\n\t\t\t\t\t\t<div class=\"elementor-container elementor-column-gap-default\">\n\t\t\t\t\t<div class=\"elementor-column elementor-col-100 elementor-top-column elementor-element elementor-element-073ce00\" data-id=\"073ce00\" data-element_type=\"column\" data-e-type=\"column\">\n\t\t\t<div class=\"elementor-widget-wrap elementor-element-populated\">\n\t\t\t\t\t\t<div class=\"elementor-element elementor-element-c698463 elementor-widget elementor-widget-spacer\" data-id=\"c698463\" data-element_type=\"widget\" data-e-type=\"widget\" data-widget_type=\"spacer.default\">\n\t\t\t\t<div class=\"elementor-widget-container\">\n\t\t\t\t\t\t\t<div class=\"elementor-spacer\">\n\t\t\t<div class=\"elementor-spacer-inner\"><\/div>\n\t\t<\/div>\n\t\t\t\t\t\t<\/div>\n\t\t\t\t<\/div>\n\t\t\t\t\t<\/div>\n\t\t<\/div>\n\t\t\t\t\t<\/div>\n\t\t<\/section>\n\t\t\t\t<section class=\"elementor-section elementor-top-section elementor-element elementor-element-9633fe2 elementor-section-full_width elementor-section-height-default elementor-section-height-default\" data-id=\"9633fe2\" data-element_type=\"section\" data-e-type=\"section\" data-settings=\"{&quot;_ha_eqh_enable&quot;:false}\">\n\t\t\t\t\t\t<div class=\"elementor-container elementor-column-gap-default\">\n\t\t\t\t\t<div class=\"elementor-column elementor-col-100 elementor-top-column elementor-element elementor-element-9808fe6\" data-id=\"9808fe6\" data-element_type=\"column\" data-e-type=\"column\">\n\t\t\t<div class=\"elementor-widget-wrap elementor-element-populated\">\n\t\t\t\t\t\t<div class=\"elementor-element elementor-element-aea3e14 H2CUSTBACK ha-has-bg-overlay elementor-widget elementor-widget-heading\" data-id=\"aea3e14\" data-element_type=\"widget\" data-e-type=\"widget\" data-widget_type=\"heading.default\">\n\t\t\t\t<div class=\"elementor-widget-container\">\n\t\t\t\t\t<p class=\"elementor-heading-title elementor-size-default\"><span style=\"background:#323031;padding:0 0px;margin:0\">CLIENTS<\/span><\/p>\t\t\t\t<\/div>\n\t\t\t\t<\/div>\n\t\t\t\t\t<\/div>\n\t\t<\/div>\n\t\t\t\t\t<\/div>\n\t\t<\/section>\n\t\t\t\t<section class=\"elementor-section elementor-top-section elementor-element elementor-element-bf66454 elementor-section-full_width elementor-section-height-default elementor-section-height-default\" data-id=\"bf66454\" data-element_type=\"section\" data-e-type=\"section\" data-settings=\"{&quot;background_background&quot;:&quot;classic&quot;,&quot;_ha_eqh_enable&quot;:false}\">\n\t\t\t\t\t\t<div class=\"elementor-container elementor-column-gap-default\">\n\t\t\t\t\t<div class=\"elementor-column elementor-col-100 elementor-top-column elementor-element elementor-element-fee564e\" data-id=\"fee564e\" data-element_type=\"column\" data-e-type=\"column\">\n\t\t\t<div class=\"elementor-widget-wrap elementor-element-populated\">\n\t\t\t\t\t\t<div class=\"elementor-element elementor-element-1a0da85 animated-slow elementor-invisible elementor-widget elementor-widget-text-editor\" data-id=\"1a0da85\" data-element_type=\"widget\" data-e-type=\"widget\" data-settings=\"{&quot;_animation&quot;:&quot;fadeIn&quot;}\" data-widget_type=\"text-editor.default\">\n\t\t\t\t<div class=\"elementor-widget-container\">\n\t\t\t\t\t\t\t\t\t<p style=\"text-align: center;\">Isolant S.A.<br \/>IPS S.A.<br \/>Astillero BIM<br \/>Laboratorios Bag\u00f3<br \/>Revista Geo (Spain)<br \/>Revista VIVA. Clar\u00edn.<br \/>Revista The Watch Gallery<br \/>\u00a0Revista The Watch Gallery<br \/>Diario de Mallorca (Espa\u00f1a)\u00a0<br \/>Diario El D\u00eda de Baleares (Spain)<br \/>SAINT-TROPEZ. La Revue Officielle du Port. (France)\u00a0<br \/>IGGY Publishing<br \/>Ediciones VERGARA Grupo ZETA<br \/>VIA PATAGONICA Grupo Multimedio<br \/>KOSHKIL Pure Organic Merino<br \/>Almar Group<br \/>Grobocopatel Hnos.<br \/>Delfino Turismo S.R.L.<br \/>Eurotur S.R.L.<br \/>Babel Viajes<br \/>Correo Argentino<br \/>Artifex S.R.L.<br \/>Comincare con L\u00b4Arte<br \/>Yatch Club Argentino<br \/>Fundaci\u00f3n Patagonia Natural<br \/>Fundaci\u00f3n Conociendo Nuestra Casa<br \/>Secretar\u00eda de Turismo de Santa Cruz<br \/>Subsecretar\u00eda de Turismo de Puerto Deseado<\/p><p style=\"text-align: center;\">AND YOU<\/p>\t\t\t\t\t\t\t\t<\/div>\n\t\t\t\t<\/div>\n\t\t\t\t\t<\/div>\n\t\t<\/div>\n\t\t\t\t\t<\/div>\n\t\t<\/section>\n\t\t\t\t<\/div>","protected":false},"excerpt":{"rendered":"<p>CLIENTES Isolant S.A.IPS S.A.Astillero BIMLaboratorios Bag\u00f3Laboratorios RoemmersRevista GEO (Espa\u00f1a)Revista VIVA. Clar\u00edn.\u00a0Revista The Watch GalleryDiario de Mallorca (Espa\u00f1a)\u00a0Diario El D\u00eda de Baleares (Espa\u00f1a)SAINT-TROPEZ. La Revue Officielle du Port. (Francia)\u00a0IGGY PublishingEdiciones VERGARA Grupo ZETAVIA PATAGONICA Grupo MultimedioKOSHKIL Pure Organic MerinoAlmar GroupGrobocopatel Hnos.Delfino Turismo S.R.L.Eurotur S.R.L.Babel ViajesCorreo ArgentinoArtifex S.R.L.Comincare con L\u00b4ArteYatch Club ArgentinoFundaci\u00f3n Patagonia NaturalFundaci\u00f3n Conociendo Nuestra CasaSecretar\u00eda [&hellip;]<\/p>\n","protected":false},"author":1,"featured_media":0,"parent":0,"menu_order":0,"comment_status":"closed","ping_status":"closed","template":"","meta":{"inline_featured_image":false,"ocean_post_layout":"","ocean_both_sidebars_style":"","ocean_both_sidebars_content_width":0,"ocean_both_sidebars_sidebars_width":0,"ocean_sidebar":"0","ocean_second_sidebar":"0","ocean_disable_margins":"enable","ocean_add_body_class":"","ocean_shortcode_before_top_bar":"","ocean_shortcode_after_top_bar":"","ocean_shortcode_before_header":"","ocean_shortcode_after_header":"","ocean_has_shortcode":"","ocean_shortcode_after_title":"","ocean_shortcode_before_footer_widgets":"","ocean_shortcode_after_footer_widgets":"","ocean_shortcode_before_footer_bottom":"","ocean_shortcode_after_footer_bottom":"","ocean_display_top_bar":"default","ocean_display_header":"default","ocean_header_style":"","ocean_center_header_left_menu":"0","ocean_custom_header_template":"0","ocean_custom_logo":0,"ocean_custom_retina_logo":0,"ocean_custom_logo_max_width":0,"ocean_custom_logo_tablet_max_width":0,"ocean_custom_logo_mobile_max_width":0,"ocean_custom_logo_max_height":0,"ocean_custom_logo_tablet_max_height":0,"ocean_custom_logo_mobile_max_height":0,"ocean_header_custom_menu":"0","ocean_menu_typo_font_family":"0","ocean_menu_typo_font_subset":"","ocean_menu_typo_font_size":0,"ocean_menu_typo_font_size_tablet":0,"ocean_menu_typo_font_size_mobile":0,"ocean_menu_typo_font_size_unit":"px","ocean_menu_typo_font_weight":"","ocean_menu_typo_font_weight_tablet":"","ocean_menu_typo_font_weight_mobile":"","ocean_menu_typo_transform":"","ocean_menu_typo_transform_tablet":"","ocean_menu_typo_transform_mobile":"","ocean_menu_typo_line_height":0,"ocean_menu_typo_line_height_tablet":0,"ocean_menu_typo_line_height_mobile":0,"ocean_menu_typo_line_height_unit":"","ocean_menu_typo_spacing":0,"ocean_menu_typo_spacing_tablet":0,"ocean_menu_typo_spacing_mobile":0,"ocean_menu_typo_spacing_unit":"","ocean_menu_link_color":"","ocean_menu_link_color_hover":"","ocean_menu_link_color_active":"","ocean_menu_link_background":"","ocean_menu_link_hover_background":"","ocean_menu_link_active_background":"","ocean_menu_social_links_bg":"","ocean_menu_social_hover_links_bg":"","ocean_menu_social_links_color":"","ocean_menu_social_hover_links_color":"","ocean_disable_title":"default","ocean_disable_heading":"default","ocean_post_title":"","ocean_post_subheading":"","ocean_post_title_style":"","ocean_post_title_background_color":"","ocean_post_title_background":0,"ocean_post_title_bg_image_position":"","ocean_post_title_bg_image_attachment":"","ocean_post_title_bg_image_repeat":"","ocean_post_title_bg_image_size":"","ocean_post_title_height":0,"ocean_post_title_bg_overlay":0.5,"ocean_post_title_bg_overlay_color":"","ocean_disable_breadcrumbs":"default","ocean_breadcrumbs_color":"","ocean_breadcrumbs_separator_color":"","ocean_breadcrumbs_links_color":"","ocean_breadcrumbs_links_hover_color":"","ocean_display_footer_widgets":"default","ocean_display_footer_bottom":"default","ocean_custom_footer_template":"0","footnotes":""},"class_list":["post-408","page","type-page","status-publish","hentry","entry"],"yoast_head":"<!-- This site is optimized with the Yoast SEO plugin v27.3 - https:\/\/yoast.com\/product\/yoast-seo-wordpress\/ -->\n<title>Clientes - Juan Pablo Pereda - Fotografo Profesional<\/title>\n<meta name=\"robots\" content=\"index, follow, max-snippet:-1, max-image-preview:large, max-video-preview:-1\" \/>\n<link rel=\"canonical\" href=\"https:\/\/www.pereda.com.ar\/en\/clientes\/\" \/>\n<meta property=\"og:locale\" content=\"en_US\" \/>\n<meta property=\"og:type\" content=\"article\" \/>\n<meta property=\"og:title\" content=\"Clientes - Juan Pablo Pereda - Fotografo Profesional\" \/>\n<meta property=\"og:description\" content=\"CLIENTES Isolant S.A.IPS S.A.Astillero BIMLaboratorios Bag\u00f3Laboratorios RoemmersRevista GEO (Espa\u00f1a)Revista VIVA. Clar\u00edn.\u00a0Revista The Watch GalleryDiario de Mallorca (Espa\u00f1a)\u00a0Diario El D\u00eda de Baleares (Espa\u00f1a)SAINT-TROPEZ. La Revue Officielle du Port. (Francia)\u00a0IGGY PublishingEdiciones VERGARA Grupo ZETAVIA PATAGONICA Grupo MultimedioKOSHKIL Pure Organic MerinoAlmar GroupGrobocopatel Hnos.Delfino Turismo S.R.L.Eurotur S.R.L.Babel ViajesCorreo ArgentinoArtifex S.R.L.Comincare con L\u00b4ArteYatch Club ArgentinoFundaci\u00f3n Patagonia NaturalFundaci\u00f3n Conociendo Nuestra CasaSecretar\u00eda [&hellip;]\" \/>\n<meta property=\"og:url\" content=\"https:\/\/www.pereda.com.ar\/en\/clientes\/\" \/>\n<meta property=\"og:site_name\" content=\"Juan Pablo Pereda - Fotografo Profesional\" \/>\n<meta property=\"article:modified_time\" content=\"2023-07-19T14:15:09+00:00\" \/>\n<meta name=\"twitter:card\" content=\"summary_large_image\" \/>\n<meta name=\"twitter:label1\" content=\"Est. reading time\" \/>\n\t<meta name=\"twitter:data1\" content=\"1 minute\" \/>\n<script type=\"application\/ld+json\" class=\"yoast-schema-graph\">{\"@context\":\"https:\\\/\\\/schema.org\",\"@graph\":[{\"@type\":\"WebPage\",\"@id\":\"https:\\\/\\\/www.pereda.com.ar\\\/clientes\\\/\",\"url\":\"https:\\\/\\\/www.pereda.com.ar\\\/clientes\\\/\",\"name\":\"Clientes - Juan Pablo Pereda - Fotografo Profesional\",\"isPartOf\":{\"@id\":\"https:\\\/\\\/www.pereda.com.ar\\\/#website\"},\"datePublished\":\"2021-09-15T20:13:24+00:00\",\"dateModified\":\"2023-07-19T14:15:09+00:00\",\"breadcrumb\":{\"@id\":\"https:\\\/\\\/www.pereda.com.ar\\\/clientes\\\/#breadcrumb\"},\"inLanguage\":\"en-US\",\"potentialAction\":[{\"@type\":\"ReadAction\",\"target\":[\"https:\\\/\\\/www.pereda.com.ar\\\/clientes\\\/\"]}]},{\"@type\":\"BreadcrumbList\",\"@id\":\"https:\\\/\\\/www.pereda.com.ar\\\/clientes\\\/#breadcrumb\",\"itemListElement\":[{\"@type\":\"ListItem\",\"position\":1,\"name\":\"Portada\",\"item\":\"https:\\\/\\\/www.pereda.com.ar\\\/en\\\/\"},{\"@type\":\"ListItem\",\"position\":2,\"name\":\"Clientes\"}]},{\"@type\":\"WebSite\",\"@id\":\"https:\\\/\\\/www.pereda.com.ar\\\/#website\",\"url\":\"https:\\\/\\\/www.pereda.com.ar\\\/\",\"name\":\"Juan Pablo Pereda - Fotografo Profesional\",\"description\":\"Juan Pablo Pereda es fotografo profesional. Calendarios Publicitarios, Reportajes Fotograficos, Fotos Empresariales, Audiovisuales, Libros, Banco de Imagenes, Fotos Publicitarias\",\"publisher\":{\"@id\":\"https:\\\/\\\/www.pereda.com.ar\\\/#organization\"},\"potentialAction\":[{\"@type\":\"SearchAction\",\"target\":{\"@type\":\"EntryPoint\",\"urlTemplate\":\"https:\\\/\\\/www.pereda.com.ar\\\/?s={search_term_string}\"},\"query-input\":{\"@type\":\"PropertyValueSpecification\",\"valueRequired\":true,\"valueName\":\"search_term_string\"}}],\"inLanguage\":\"en-US\"},{\"@type\":\"Organization\",\"@id\":\"https:\\\/\\\/www.pereda.com.ar\\\/#organization\",\"name\":\"Juan Pablo Pereda - Fotografo Profesional\",\"url\":\"https:\\\/\\\/www.pereda.com.ar\\\/\",\"logo\":{\"@type\":\"ImageObject\",\"inLanguage\":\"en-US\",\"@id\":\"https:\\\/\\\/www.pereda.com.ar\\\/#\\\/schema\\\/logo\\\/image\\\/\",\"url\":\"https:\\\/\\\/www.pereda.com.ar\\\/wp-content\\\/uploads\\\/2021\\\/09\\\/logo-juan-pablo-pereda-header.svg\",\"contentUrl\":\"https:\\\/\\\/www.pereda.com.ar\\\/wp-content\\\/uploads\\\/2021\\\/09\\\/logo-juan-pablo-pereda-header.svg\",\"width\":241,\"height\":45,\"caption\":\"Juan Pablo Pereda - Fotografo Profesional\"},\"image\":{\"@id\":\"https:\\\/\\\/www.pereda.com.ar\\\/#\\\/schema\\\/logo\\\/image\\\/\"}}]}<\/script>\n<!-- \/ Yoast SEO plugin. -->","yoast_head_json":{"title":"Clientes - Juan Pablo Pereda - Fotografo Profesional","robots":{"index":"index","follow":"follow","max-snippet":"max-snippet:-1","max-image-preview":"max-image-preview:large","max-video-preview":"max-video-preview:-1"},"canonical":"https:\/\/www.pereda.com.ar\/en\/clientes\/","og_locale":"en_US","og_type":"article","og_title":"Clientes - Juan Pablo Pereda - Fotografo Profesional","og_description":"CLIENTES Isolant S.A.IPS S.A.Astillero BIMLaboratorios Bag\u00f3Laboratorios RoemmersRevista GEO (Espa\u00f1a)Revista VIVA. Clar\u00edn.\u00a0Revista The Watch GalleryDiario de Mallorca (Espa\u00f1a)\u00a0Diario El D\u00eda de Baleares (Espa\u00f1a)SAINT-TROPEZ. La Revue Officielle du Port. (Francia)\u00a0IGGY PublishingEdiciones VERGARA Grupo ZETAVIA PATAGONICA Grupo MultimedioKOSHKIL Pure Organic MerinoAlmar GroupGrobocopatel Hnos.Delfino Turismo S.R.L.Eurotur S.R.L.Babel ViajesCorreo ArgentinoArtifex S.R.L.Comincare con L\u00b4ArteYatch Club ArgentinoFundaci\u00f3n Patagonia NaturalFundaci\u00f3n Conociendo Nuestra CasaSecretar\u00eda [&hellip;]","og_url":"https:\/\/www.pereda.com.ar\/en\/clientes\/","og_site_name":"Juan Pablo Pereda - Fotografo Profesional","article_modified_time":"2023-07-19T14:15:09+00:00","twitter_card":"summary_large_image","twitter_misc":{"Est. reading time":"1 minute"},"schema":{"@context":"https:\/\/schema.org","@graph":[{"@type":"WebPage","@id":"https:\/\/www.pereda.com.ar\/clientes\/","url":"https:\/\/www.pereda.com.ar\/clientes\/","name":"Clientes - Juan Pablo Pereda - Fotografo Profesional","isPartOf":{"@id":"https:\/\/www.pereda.com.ar\/#website"},"datePublished":"2021-09-15T20:13:24+00:00","dateModified":"2023-07-19T14:15:09+00:00","breadcrumb":{"@id":"https:\/\/www.pereda.com.ar\/clientes\/#breadcrumb"},"inLanguage":"en-US","potentialAction":[{"@type":"ReadAction","target":["https:\/\/www.pereda.com.ar\/clientes\/"]}]},{"@type":"BreadcrumbList","@id":"https:\/\/www.pereda.com.ar\/clientes\/#breadcrumb","itemListElement":[{"@type":"ListItem","position":1,"name":"Portada","item":"https:\/\/www.pereda.com.ar\/en\/"},{"@type":"ListItem","position":2,"name":"Clientes"}]},{"@type":"WebSite","@id":"https:\/\/www.pereda.com.ar\/#website","url":"https:\/\/www.pereda.com.ar\/","name":"Juan Pablo Pereda - Fotografo Profesional","description":"Juan Pablo Pereda es fotografo profesional. Calendarios Publicitarios, Reportajes Fotograficos, Fotos Empresariales, Audiovisuales, Libros, Banco de Imagenes, Fotos Publicitarias","publisher":{"@id":"https:\/\/www.pereda.com.ar\/#organization"},"potentialAction":[{"@type":"SearchAction","target":{"@type":"EntryPoint","urlTemplate":"https:\/\/www.pereda.com.ar\/?s={search_term_string}"},"query-input":{"@type":"PropertyValueSpecification","valueRequired":true,"valueName":"search_term_string"}}],"inLanguage":"en-US"},{"@type":"Organization","@id":"https:\/\/www.pereda.com.ar\/#organization","name":"Juan Pablo Pereda - Fotografo Profesional","url":"https:\/\/www.pereda.com.ar\/","logo":{"@type":"ImageObject","inLanguage":"en-US","@id":"https:\/\/www.pereda.com.ar\/#\/schema\/logo\/image\/","url":"https:\/\/www.pereda.com.ar\/wp-content\/uploads\/2021\/09\/logo-juan-pablo-pereda-header.svg","contentUrl":"https:\/\/www.pereda.com.ar\/wp-content\/uploads\/2021\/09\/logo-juan-pablo-pereda-header.svg","width":241,"height":45,"caption":"Juan Pablo Pereda - Fotografo Profesional"},"image":{"@id":"https:\/\/www.pereda.com.ar\/#\/schema\/logo\/image\/"}}]}},"_links":{"self":[{"href":"https:\/\/www.pereda.com.ar\/en\/wp-json\/wp\/v2\/pages\/408","targetHints":{"allow":["GET"]}}],"collection":[{"href":"https:\/\/www.pereda.com.ar\/en\/wp-json\/wp\/v2\/pages"}],"about":[{"href":"https:\/\/www.pereda.com.ar\/en\/wp-json\/wp\/v2\/types\/page"}],"author":[{"embeddable":true,"href":"https:\/\/www.pereda.com.ar\/en\/wp-json\/wp\/v2\/users\/1"}],"replies":[{"embeddable":true,"href":"https:\/\/www.pereda.com.ar\/en\/wp-json\/wp\/v2\/comments?post=408"}],"version-history":[{"count":43,"href":"https:\/\/www.pereda.com.ar\/en\/wp-json\/wp\/v2\/pages\/408\/revisions"}],"predecessor-version":[{"id":1489,"href":"https:\/\/www.pereda.com.ar\/en\/wp-json\/wp\/v2\/pages\/408\/revisions\/1489"}],"wp:attachment":[{"href":"https:\/\/www.pereda.com.ar\/en\/wp-json\/wp\/v2\/media?parent=408"}],"curies":[{"name":"wp","href":"https:\/\/api.w.org\/{rel}","templated":true}]}}