{"id":211,"date":"2021-08-03T04:21:11","date_gmt":"2021-08-03T04:21:11","guid":{"rendered":"https:\/\/dbtesting.com.ar\/?page_id=211"},"modified":"2023-07-12T23:52:17","modified_gmt":"2023-07-12T23:52:17","slug":"autor","status":"publish","type":"page","link":"https:\/\/www.pereda.com.ar\/en\/autor\/","title":{"rendered":"Autor"},"content":{"rendered":"<div data-elementor-type=\"wp-page\" data-elementor-id=\"211\" class=\"elementor elementor-211\" data-elementor-settings=\"{&quot;ha_cmc_init_switcher&quot;:&quot;no&quot;}\" data-elementor-post-type=\"page\">\n\t\t\t\t\t\t<section class=\"elementor-section elementor-top-section elementor-element elementor-element-3be018b elementor-section-boxed elementor-section-height-default elementor-section-height-default\" data-id=\"3be018b\" data-element_type=\"section\" data-e-type=\"section\" data-settings=\"{&quot;_ha_eqh_enable&quot;:false}\">\n\t\t\t\t\t\t<div class=\"elementor-container elementor-column-gap-default\">\n\t\t\t\t\t<div class=\"elementor-column elementor-col-100 elementor-top-column elementor-element elementor-element-20f5ff5\" data-id=\"20f5ff5\" data-element_type=\"column\" data-e-type=\"column\">\n\t\t\t<div class=\"elementor-widget-wrap elementor-element-populated\">\n\t\t\t\t\t\t<div class=\"elementor-element elementor-element-e335adc elementor-widget elementor-widget-spacer\" data-id=\"e335adc\" data-element_type=\"widget\" data-e-type=\"widget\" data-widget_type=\"spacer.default\">\n\t\t\t\t<div class=\"elementor-widget-container\">\n\t\t\t\t\t\t\t<div class=\"elementor-spacer\">\n\t\t\t<div class=\"elementor-spacer-inner\"><\/div>\n\t\t<\/div>\n\t\t\t\t\t\t<\/div>\n\t\t\t\t<\/div>\n\t\t\t\t\t<\/div>\n\t\t<\/div>\n\t\t\t\t\t<\/div>\n\t\t<\/section>\n\t\t\t\t<section class=\"elementor-section elementor-top-section elementor-element elementor-element-72fed1e elementor-section-full_width elementor-section-height-default elementor-section-height-default\" data-id=\"72fed1e\" data-element_type=\"section\" data-e-type=\"section\" data-settings=\"{&quot;_ha_eqh_enable&quot;:false}\">\n\t\t\t\t\t\t<div class=\"elementor-container elementor-column-gap-default\">\n\t\t\t\t\t<div class=\"elementor-column elementor-col-100 elementor-top-column elementor-element elementor-element-99358d8\" data-id=\"99358d8\" data-element_type=\"column\" data-e-type=\"column\">\n\t\t\t<div class=\"elementor-widget-wrap elementor-element-populated\">\n\t\t\t\t\t\t<div class=\"elementor-element elementor-element-7608973 H2CUSTBACK ha-has-bg-overlay elementor-widget elementor-widget-heading\" data-id=\"7608973\" data-element_type=\"widget\" data-e-type=\"widget\" data-widget_type=\"heading.default\">\n\t\t\t\t<div class=\"elementor-widget-container\">\n\t\t\t\t\t<p class=\"elementor-heading-title elementor-size-default\"><span style=\"background:#323031;padding:0 20px\">AUTHOR<\/span><\/p>\t\t\t\t<\/div>\n\t\t\t\t<\/div>\n\t\t\t\t\t<\/div>\n\t\t<\/div>\n\t\t\t\t\t<\/div>\n\t\t<\/section>\n\t\t\t\t<section class=\"elementor-section elementor-top-section elementor-element elementor-element-6bd9dcf elementor-section-stretched elementor-section-boxed elementor-section-height-default elementor-section-height-default\" data-id=\"6bd9dcf\" data-element_type=\"section\" data-e-type=\"section\" data-settings=\"{&quot;stretch_section&quot;:&quot;section-stretched&quot;,&quot;_ha_eqh_enable&quot;:false}\">\n\t\t\t\t\t\t<div class=\"elementor-container elementor-column-gap-default\">\n\t\t\t\t\t<div class=\"elementor-column elementor-col-50 elementor-top-column elementor-element elementor-element-4d1c874\" data-id=\"4d1c874\" data-element_type=\"column\" data-e-type=\"column\">\n\t\t\t<div class=\"elementor-widget-wrap elementor-element-populated\">\n\t\t\t\t\t\t<div class=\"elementor-element elementor-element-af9c553 elementor-widget elementor-widget-heading\" data-id=\"af9c553\" data-element_type=\"widget\" data-e-type=\"widget\" data-widget_type=\"heading.default\">\n\t\t\t\t<div class=\"elementor-widget-container\">\n\t\t\t\t\t<h2 class=\"elementor-heading-title elementor-size-default\">JUAN PABLO PEREDA<\/h2>\t\t\t\t<\/div>\n\t\t\t\t<\/div>\n\t\t\t\t<div class=\"elementor-element elementor-element-f42182c animated-slow elementor-invisible elementor-widget elementor-widget-text-editor\" data-id=\"f42182c\" data-element_type=\"widget\" data-e-type=\"widget\" data-settings=\"{&quot;_animation&quot;:&quot;fadeIn&quot;}\" data-widget_type=\"text-editor.default\">\n\t\t\t\t<div class=\"elementor-widget-container\">\n\t\t\t\t\t\t\t\t\t<p><span style=\"font-weight: 400;\">Juan Pablo Pereda is a professional photographer. His passionate love for nature and the sea has led him to some of the most remote and wild corners of the planet -places of breathtaking beauty-, such as Alaska, Iceland, Kenya, Madagascar, Patagonia, Isla de los Estados, and Antarctica, among others.\u00a0<\/span><\/p>\t\t\t\t\t\t\t\t<\/div>\n\t\t\t\t<\/div>\n\t\t\t\t<div class=\"elementor-element elementor-element-b89a8bd animated-slow elementor-invisible elementor-widget elementor-widget-text-editor\" data-id=\"b89a8bd\" data-element_type=\"widget\" data-e-type=\"widget\" data-settings=\"{&quot;_animation&quot;:&quot;fadeIn&quot;,&quot;_animation_delay&quot;:1}\" data-widget_type=\"text-editor.default\">\n\t\t\t\t<div class=\"elementor-widget-container\">\n\t\t\t\t\t\t\t\t\t<p><span style=\"font-weight: 400;\">His images have been published in the most prestigious magazines and in a dozen books. Among his own works are the books \"Pen\u00ednsula Vald\u00e9s\" (1999) and \"ANT\u00c1RTIDA. El Desierto Blanco\" (2001). He has held exhibitions in Buenos Aires, Lisbon, Bilbao, Mallorca, Salvador de Bah\u00eda, Huelva, Marbella, Barcelona, Saint-Tropez, Monaco, Genoa, Vatican City, and the Canary Islands.<\/span><\/p>\t\t\t\t\t\t\t\t<\/div>\n\t\t\t\t<\/div>\n\t\t\t\t<div class=\"elementor-element elementor-element-f4eccfd elementor-widget elementor-widget-image\" data-id=\"f4eccfd\" data-element_type=\"widget\" data-e-type=\"widget\" data-widget_type=\"image.default\">\n\t\t\t\t<div class=\"elementor-widget-container\">\n\t\t\t\t\t\t\t\t\t\t\t\t\t\t\t<img decoding=\"async\" src=\"https:\/\/dbtesting.com.ar\/wp-content\/uploads\/2021\/09\/firma-pereda.svg\" title=\"\" alt=\"\" loading=\"lazy\" \/>\t\t\t\t\t\t\t\t\t\t\t\t\t\t\t<\/div>\n\t\t\t\t<\/div>\n\t\t\t\t\t<\/div>\n\t\t<\/div>\n\t\t\t\t<div class=\"elementor-column elementor-col-50 elementor-top-column elementor-element elementor-element-140b1fe\" data-id=\"140b1fe\" data-element_type=\"column\" data-e-type=\"column\">\n\t\t\t<div class=\"elementor-widget-wrap elementor-element-populated\">\n\t\t\t\t\t\t<div class=\"elementor-element elementor-element-e3b0ba6 elementor-hidden-tablet elementor-hidden-phone animated-slow elementor-invisible elementor-widget elementor-widget-image\" data-id=\"e3b0ba6\" data-element_type=\"widget\" data-e-type=\"widget\" data-settings=\"{&quot;_animation&quot;:&quot;fadeIn&quot;}\" data-widget_type=\"image.default\">\n\t\t\t\t<div class=\"elementor-widget-container\">\n\t\t\t\t\t\t\t\t\t\t\t\t\t\t\t<img fetchpriority=\"high\" decoding=\"async\" width=\"711\" height=\"528\" src=\"https:\/\/www.pereda.com.ar\/wp-content\/uploads\/2021\/09\/autor-pereda.png\" class=\"attachment-large size-large wp-image-310\" alt=\"\" srcset=\"https:\/\/www.pereda.com.ar\/wp-content\/uploads\/2021\/09\/autor-pereda.png 711w, https:\/\/www.pereda.com.ar\/wp-content\/uploads\/2021\/09\/autor-pereda-300x223.png 300w\" sizes=\"(max-width: 711px) 100vw, 711px\" \/>\t\t\t\t\t\t\t\t\t\t\t\t\t\t\t<\/div>\n\t\t\t\t<\/div>\n\t\t\t\t<div class=\"elementor-element elementor-element-e56f53e elementor-hidden-desktop elementor-widget elementor-widget-image\" data-id=\"e56f53e\" data-element_type=\"widget\" data-e-type=\"widget\" data-widget_type=\"image.default\">\n\t\t\t\t<div class=\"elementor-widget-container\">\n\t\t\t\t\t\t\t\t\t\t\t\t\t\t\t<img decoding=\"async\" width=\"352\" height=\"493\" src=\"https:\/\/www.pereda.com.ar\/wp-content\/uploads\/2021\/09\/autor-pereda-celu.png\" class=\"attachment-large size-large wp-image-488\" alt=\"\" srcset=\"https:\/\/www.pereda.com.ar\/wp-content\/uploads\/2021\/09\/autor-pereda-celu.png 352w, https:\/\/www.pereda.com.ar\/wp-content\/uploads\/2021\/09\/autor-pereda-celu-214x300.png 214w, https:\/\/www.pereda.com.ar\/wp-content\/uploads\/2021\/09\/autor-pereda-celu-9x12.png 9w\" sizes=\"(max-width: 352px) 100vw, 352px\" \/>\t\t\t\t\t\t\t\t\t\t\t\t\t\t\t<\/div>\n\t\t\t\t<\/div>\n\t\t\t\t\t<\/div>\n\t\t<\/div>\n\t\t\t\t\t<\/div>\n\t\t<\/section>\n\t\t\t\t<\/div>","protected":false},"excerpt":{"rendered":"<p>AUTOR JUAN PABLO PEREDA Juan Pablo Pereda es fot\u00f3grafo profesional. Su pasi\u00f3n por la naturaleza y el mar le han llevado a algunos de los lugares m\u00e1s remotos y salvajes del planeta, \u2013que suelen estar revestidos de dram\u00e1tica belleza\u2013; como Alaska, Islandia, Kenya,\u00a0 Madagascar, Patagonia, Isla de los Estados y Ant\u00e1rtida, entre otros.\u00a0 Sus im\u00e1genes [&hellip;]<\/p>\n","protected":false},"author":1,"featured_media":0,"parent":0,"menu_order":0,"comment_status":"closed","ping_status":"closed","template":"","meta":{"inline_featured_image":false,"ocean_post_layout":"","ocean_both_sidebars_style":"","ocean_both_sidebars_content_width":0,"ocean_both_sidebars_sidebars_width":0,"ocean_sidebar":"0","ocean_second_sidebar":"0","ocean_disable_margins":"enable","ocean_add_body_class":"","ocean_shortcode_before_top_bar":"","ocean_shortcode_after_top_bar":"","ocean_shortcode_before_header":"","ocean_shortcode_after_header":"","ocean_has_shortcode":"","ocean_shortcode_after_title":"","ocean_shortcode_before_footer_widgets":"","ocean_shortcode_after_footer_widgets":"","ocean_shortcode_before_footer_bottom":"","ocean_shortcode_after_footer_bottom":"","ocean_display_top_bar":"default","ocean_display_header":"default","ocean_header_style":"","ocean_center_header_left_menu":"0","ocean_custom_header_template":"0","ocean_custom_logo":0,"ocean_custom_retina_logo":0,"ocean_custom_logo_max_width":0,"ocean_custom_logo_tablet_max_width":0,"ocean_custom_logo_mobile_max_width":0,"ocean_custom_logo_max_height":0,"ocean_custom_logo_tablet_max_height":0,"ocean_custom_logo_mobile_max_height":0,"ocean_header_custom_menu":"0","ocean_menu_typo_font_family":"0","ocean_menu_typo_font_subset":"","ocean_menu_typo_font_size":0,"ocean_menu_typo_font_size_tablet":0,"ocean_menu_typo_font_size_mobile":0,"ocean_menu_typo_font_size_unit":"px","ocean_menu_typo_font_weight":"","ocean_menu_typo_font_weight_tablet":"","ocean_menu_typo_font_weight_mobile":"","ocean_menu_typo_transform":"","ocean_menu_typo_transform_tablet":"","ocean_menu_typo_transform_mobile":"","ocean_menu_typo_line_height":0,"ocean_menu_typo_line_height_tablet":0,"ocean_menu_typo_line_height_mobile":0,"ocean_menu_typo_line_height_unit":"","ocean_menu_typo_spacing":0,"ocean_menu_typo_spacing_tablet":0,"ocean_menu_typo_spacing_mobile":0,"ocean_menu_typo_spacing_unit":"","ocean_menu_link_color":"","ocean_menu_link_color_hover":"","ocean_menu_link_color_active":"","ocean_menu_link_background":"","ocean_menu_link_hover_background":"","ocean_menu_link_active_background":"","ocean_menu_social_links_bg":"","ocean_menu_social_hover_links_bg":"","ocean_menu_social_links_color":"","ocean_menu_social_hover_links_color":"","ocean_disable_title":"default","ocean_disable_heading":"default","ocean_post_title":"","ocean_post_subheading":"","ocean_post_title_style":"","ocean_post_title_background_color":"","ocean_post_title_background":0,"ocean_post_title_bg_image_position":"","ocean_post_title_bg_image_attachment":"","ocean_post_title_bg_image_repeat":"","ocean_post_title_bg_image_size":"","ocean_post_title_height":0,"ocean_post_title_bg_overlay":0.5,"ocean_post_title_bg_overlay_color":"","ocean_disable_breadcrumbs":"default","ocean_breadcrumbs_color":"","ocean_breadcrumbs_separator_color":"","ocean_breadcrumbs_links_color":"","ocean_breadcrumbs_links_hover_color":"","ocean_display_footer_widgets":"default","ocean_display_footer_bottom":"default","ocean_custom_footer_template":"0","footnotes":""},"class_list":["post-211","page","type-page","status-publish","hentry","entry"],"yoast_head":"<!-- This site is optimized with the Yoast SEO plugin v27.3 - https:\/\/yoast.com\/product\/yoast-seo-wordpress\/ -->\n<title>Autor - Juan Pablo Pereda - Fotografo Profesional<\/title>\n<meta name=\"robots\" content=\"index, follow, max-snippet:-1, max-image-preview:large, max-video-preview:-1\" \/>\n<link rel=\"canonical\" href=\"https:\/\/www.pereda.com.ar\/en\/autor\/\" \/>\n<meta property=\"og:locale\" content=\"en_US\" \/>\n<meta property=\"og:type\" content=\"article\" \/>\n<meta property=\"og:title\" content=\"Autor - Juan Pablo Pereda - Fotografo Profesional\" \/>\n<meta property=\"og:description\" content=\"AUTOR JUAN PABLO PEREDA Juan Pablo Pereda es fot\u00f3grafo profesional. Su pasi\u00f3n por la naturaleza y el mar le han llevado a algunos de los lugares m\u00e1s remotos y salvajes del planeta, \u2013que suelen estar revestidos de dram\u00e1tica belleza\u2013; como Alaska, Islandia, Kenya,\u00a0 Madagascar, Patagonia, Isla de los Estados y Ant\u00e1rtida, entre otros.\u00a0 Sus im\u00e1genes [&hellip;]\" \/>\n<meta property=\"og:url\" content=\"https:\/\/www.pereda.com.ar\/en\/autor\/\" \/>\n<meta property=\"og:site_name\" content=\"Juan Pablo Pereda - Fotografo Profesional\" \/>\n<meta property=\"article:modified_time\" content=\"2023-07-12T23:52:17+00:00\" \/>\n<meta property=\"og:image\" content=\"https:\/\/dbtesting.com.ar\/wp-content\/uploads\/2021\/09\/firma-pereda.svg\" \/>\n<meta name=\"twitter:card\" content=\"summary_large_image\" \/>\n<meta name=\"twitter:label1\" content=\"Est. reading time\" \/>\n\t<meta name=\"twitter:data1\" content=\"2 minutes\" \/>\n<script type=\"application\/ld+json\" class=\"yoast-schema-graph\">{\"@context\":\"https:\\\/\\\/schema.org\",\"@graph\":[{\"@type\":\"WebPage\",\"@id\":\"https:\\\/\\\/www.pereda.com.ar\\\/autor\\\/\",\"url\":\"https:\\\/\\\/www.pereda.com.ar\\\/autor\\\/\",\"name\":\"Autor - Juan Pablo Pereda - Fotografo Profesional\",\"isPartOf\":{\"@id\":\"https:\\\/\\\/www.pereda.com.ar\\\/#website\"},\"primaryImageOfPage\":{\"@id\":\"https:\\\/\\\/www.pereda.com.ar\\\/autor\\\/#primaryimage\"},\"image\":{\"@id\":\"https:\\\/\\\/www.pereda.com.ar\\\/autor\\\/#primaryimage\"},\"thumbnailUrl\":\"https:\\\/\\\/dbtesting.com.ar\\\/wp-content\\\/uploads\\\/2021\\\/09\\\/firma-pereda.svg\",\"datePublished\":\"2021-08-03T04:21:11+00:00\",\"dateModified\":\"2023-07-12T23:52:17+00:00\",\"breadcrumb\":{\"@id\":\"https:\\\/\\\/www.pereda.com.ar\\\/autor\\\/#breadcrumb\"},\"inLanguage\":\"en-US\",\"potentialAction\":[{\"@type\":\"ReadAction\",\"target\":[\"https:\\\/\\\/www.pereda.com.ar\\\/autor\\\/\"]}]},{\"@type\":\"ImageObject\",\"inLanguage\":\"en-US\",\"@id\":\"https:\\\/\\\/www.pereda.com.ar\\\/autor\\\/#primaryimage\",\"url\":\"https:\\\/\\\/dbtesting.com.ar\\\/wp-content\\\/uploads\\\/2021\\\/09\\\/firma-pereda.svg\",\"contentUrl\":\"https:\\\/\\\/dbtesting.com.ar\\\/wp-content\\\/uploads\\\/2021\\\/09\\\/firma-pereda.svg\"},{\"@type\":\"BreadcrumbList\",\"@id\":\"https:\\\/\\\/www.pereda.com.ar\\\/autor\\\/#breadcrumb\",\"itemListElement\":[{\"@type\":\"ListItem\",\"position\":1,\"name\":\"Portada\",\"item\":\"https:\\\/\\\/www.pereda.com.ar\\\/en\\\/\"},{\"@type\":\"ListItem\",\"position\":2,\"name\":\"Autor\"}]},{\"@type\":\"WebSite\",\"@id\":\"https:\\\/\\\/www.pereda.com.ar\\\/#website\",\"url\":\"https:\\\/\\\/www.pereda.com.ar\\\/\",\"name\":\"Juan Pablo Pereda - Fotografo Profesional\",\"description\":\"Juan Pablo Pereda es fotografo profesional. Calendarios Publicitarios, Reportajes Fotograficos, Fotos Empresariales, Audiovisuales, Libros, Banco de Imagenes, Fotos Publicitarias\",\"publisher\":{\"@id\":\"https:\\\/\\\/www.pereda.com.ar\\\/#organization\"},\"potentialAction\":[{\"@type\":\"SearchAction\",\"target\":{\"@type\":\"EntryPoint\",\"urlTemplate\":\"https:\\\/\\\/www.pereda.com.ar\\\/?s={search_term_string}\"},\"query-input\":{\"@type\":\"PropertyValueSpecification\",\"valueRequired\":true,\"valueName\":\"search_term_string\"}}],\"inLanguage\":\"en-US\"},{\"@type\":\"Organization\",\"@id\":\"https:\\\/\\\/www.pereda.com.ar\\\/#organization\",\"name\":\"Juan Pablo Pereda - Fotografo Profesional\",\"url\":\"https:\\\/\\\/www.pereda.com.ar\\\/\",\"logo\":{\"@type\":\"ImageObject\",\"inLanguage\":\"en-US\",\"@id\":\"https:\\\/\\\/www.pereda.com.ar\\\/#\\\/schema\\\/logo\\\/image\\\/\",\"url\":\"https:\\\/\\\/www.pereda.com.ar\\\/wp-content\\\/uploads\\\/2021\\\/09\\\/logo-juan-pablo-pereda-header.svg\",\"contentUrl\":\"https:\\\/\\\/www.pereda.com.ar\\\/wp-content\\\/uploads\\\/2021\\\/09\\\/logo-juan-pablo-pereda-header.svg\",\"width\":241,\"height\":45,\"caption\":\"Juan Pablo Pereda - Fotografo Profesional\"},\"image\":{\"@id\":\"https:\\\/\\\/www.pereda.com.ar\\\/#\\\/schema\\\/logo\\\/image\\\/\"}}]}<\/script>\n<!-- \/ Yoast SEO plugin. -->","yoast_head_json":{"title":"Autor - Juan Pablo Pereda - Fotografo Profesional","robots":{"index":"index","follow":"follow","max-snippet":"max-snippet:-1","max-image-preview":"max-image-preview:large","max-video-preview":"max-video-preview:-1"},"canonical":"https:\/\/www.pereda.com.ar\/en\/autor\/","og_locale":"en_US","og_type":"article","og_title":"Autor - Juan Pablo Pereda - Fotografo Profesional","og_description":"AUTOR JUAN PABLO PEREDA Juan Pablo Pereda es fot\u00f3grafo profesional. Su pasi\u00f3n por la naturaleza y el mar le han llevado a algunos de los lugares m\u00e1s remotos y salvajes del planeta, \u2013que suelen estar revestidos de dram\u00e1tica belleza\u2013; como Alaska, Islandia, Kenya,\u00a0 Madagascar, Patagonia, Isla de los Estados y Ant\u00e1rtida, entre otros.\u00a0 Sus im\u00e1genes [&hellip;]","og_url":"https:\/\/www.pereda.com.ar\/en\/autor\/","og_site_name":"Juan Pablo Pereda - Fotografo Profesional","article_modified_time":"2023-07-12T23:52:17+00:00","og_image":[{"url":"https:\/\/dbtesting.com.ar\/wp-content\/uploads\/2021\/09\/firma-pereda.svg","type":"","width":"","height":""}],"twitter_card":"summary_large_image","twitter_misc":{"Est. reading time":"2 minutes"},"schema":{"@context":"https:\/\/schema.org","@graph":[{"@type":"WebPage","@id":"https:\/\/www.pereda.com.ar\/autor\/","url":"https:\/\/www.pereda.com.ar\/autor\/","name":"Autor - Juan Pablo Pereda - Fotografo Profesional","isPartOf":{"@id":"https:\/\/www.pereda.com.ar\/#website"},"primaryImageOfPage":{"@id":"https:\/\/www.pereda.com.ar\/autor\/#primaryimage"},"image":{"@id":"https:\/\/www.pereda.com.ar\/autor\/#primaryimage"},"thumbnailUrl":"https:\/\/dbtesting.com.ar\/wp-content\/uploads\/2021\/09\/firma-pereda.svg","datePublished":"2021-08-03T04:21:11+00:00","dateModified":"2023-07-12T23:52:17+00:00","breadcrumb":{"@id":"https:\/\/www.pereda.com.ar\/autor\/#breadcrumb"},"inLanguage":"en-US","potentialAction":[{"@type":"ReadAction","target":["https:\/\/www.pereda.com.ar\/autor\/"]}]},{"@type":"ImageObject","inLanguage":"en-US","@id":"https:\/\/www.pereda.com.ar\/autor\/#primaryimage","url":"https:\/\/dbtesting.com.ar\/wp-content\/uploads\/2021\/09\/firma-pereda.svg","contentUrl":"https:\/\/dbtesting.com.ar\/wp-content\/uploads\/2021\/09\/firma-pereda.svg"},{"@type":"BreadcrumbList","@id":"https:\/\/www.pereda.com.ar\/autor\/#breadcrumb","itemListElement":[{"@type":"ListItem","position":1,"name":"Portada","item":"https:\/\/www.pereda.com.ar\/en\/"},{"@type":"ListItem","position":2,"name":"Autor"}]},{"@type":"WebSite","@id":"https:\/\/www.pereda.com.ar\/#website","url":"https:\/\/www.pereda.com.ar\/","name":"Juan Pablo Pereda - Fotografo Profesional","description":"Juan Pablo Pereda es fotografo profesional. Calendarios Publicitarios, Reportajes Fotograficos, Fotos Empresariales, Audiovisuales, Libros, Banco de Imagenes, Fotos Publicitarias","publisher":{"@id":"https:\/\/www.pereda.com.ar\/#organization"},"potentialAction":[{"@type":"SearchAction","target":{"@type":"EntryPoint","urlTemplate":"https:\/\/www.pereda.com.ar\/?s={search_term_string}"},"query-input":{"@type":"PropertyValueSpecification","valueRequired":true,"valueName":"search_term_string"}}],"inLanguage":"en-US"},{"@type":"Organization","@id":"https:\/\/www.pereda.com.ar\/#organization","name":"Juan Pablo Pereda - Fotografo Profesional","url":"https:\/\/www.pereda.com.ar\/","logo":{"@type":"ImageObject","inLanguage":"en-US","@id":"https:\/\/www.pereda.com.ar\/#\/schema\/logo\/image\/","url":"https:\/\/www.pereda.com.ar\/wp-content\/uploads\/2021\/09\/logo-juan-pablo-pereda-header.svg","contentUrl":"https:\/\/www.pereda.com.ar\/wp-content\/uploads\/2021\/09\/logo-juan-pablo-pereda-header.svg","width":241,"height":45,"caption":"Juan Pablo Pereda - Fotografo Profesional"},"image":{"@id":"https:\/\/www.pereda.com.ar\/#\/schema\/logo\/image\/"}}]}},"_links":{"self":[{"href":"https:\/\/www.pereda.com.ar\/en\/wp-json\/wp\/v2\/pages\/211","targetHints":{"allow":["GET"]}}],"collection":[{"href":"https:\/\/www.pereda.com.ar\/en\/wp-json\/wp\/v2\/pages"}],"about":[{"href":"https:\/\/www.pereda.com.ar\/en\/wp-json\/wp\/v2\/types\/page"}],"author":[{"embeddable":true,"href":"https:\/\/www.pereda.com.ar\/en\/wp-json\/wp\/v2\/users\/1"}],"replies":[{"embeddable":true,"href":"https:\/\/www.pereda.com.ar\/en\/wp-json\/wp\/v2\/comments?post=211"}],"version-history":[{"count":91,"href":"https:\/\/www.pereda.com.ar\/en\/wp-json\/wp\/v2\/pages\/211\/revisions"}],"predecessor-version":[{"id":1432,"href":"https:\/\/www.pereda.com.ar\/en\/wp-json\/wp\/v2\/pages\/211\/revisions\/1432"}],"wp:attachment":[{"href":"https:\/\/www.pereda.com.ar\/en\/wp-json\/wp\/v2\/media?parent=211"}],"curies":[{"name":"wp","href":"https:\/\/api.w.org\/{rel}","templated":true}]}}